{"id":29,"date":"2015-11-02T20:35:33","date_gmt":"2015-11-02T19:35:33","guid":{"rendered":"http:\/\/flauto-consort-freiburg.de\/?page_id=29"},"modified":"2025-11-22T14:35:55","modified_gmt":"2025-11-22T13:35:55","slug":"programm","status":"publish","type":"page","link":"https:\/\/flauto-consort-freiburg.de\/es\/programm\/","title":{"rendered":"Programme"},"content":{"rendered":"<p style=\"text-align: justify;\"><img loading=\"lazy\" decoding=\"async\" class=\"alignright wp-image-494\" src=\"http:\/\/flauto-consort-freiburg.de\/wp-content\/uploads\/2017\/11\/DSC_3954-1-200x300.jpg\" alt=\"\" width=\"292\" height=\"437\" srcset=\"https:\/\/flauto-consort-freiburg.de\/wp-content\/uploads\/2017\/11\/DSC_3954-1-200x300.jpg 200w, https:\/\/flauto-consort-freiburg.de\/wp-content\/uploads\/2017\/11\/DSC_3954-1-768x1152.jpg 768w, https:\/\/flauto-consort-freiburg.de\/wp-content\/uploads\/2017\/11\/DSC_3954-1-683x1024.jpg 683w, https:\/\/flauto-consort-freiburg.de\/wp-content\/uploads\/2017\/11\/DSC_3954-1-624x936.jpg 624w, https:\/\/flauto-consort-freiburg.de\/wp-content\/uploads\/2017\/11\/DSC_3954-1.jpg 809w\" sizes=\"(max-width: 292px) 100vw, 292px\" \/><\/p>\n<p>Renaissancemusik ist Alte Musik, die jedoch auch heute ihren Reiz nicht verloren hat. Zum einen ist da die Innigkeit, Intimit\u00e4t und Zeitlosigkeit solcher St\u00fccke, die\u00a0nur f\u00fcr ein exklusives Publikum bestimmt waren und denen ein besonders melancholischer Klang eigen ist, wie zum Beispiel <em>Flow my tears<\/em> vom englischen Komponisten John Dowland, das zu unserem Standardrepertoire geh\u00f6rt. Zum andern sind da die mitrei\u00dfend schwungvollen Renaissancet\u00e4nze, die alle schweren Gedanken vertreiben\u00a0wie beispielsweise die Tanzsuiten von Schein.<\/p>\n<p style=\"text-align: justify;\">Wie ein Renaissancefest sollen auch unsere Konzerte etwas Au\u00dfergew\u00f6hnliches, vom Alltag Getrenntes sein: Unsere Musik soll einerseits eine Entschleunigung vom immer hektischer werdenden Alltag sein, aber auch Lebensfreude spenden und beschwingt wieder hinaustreten lassen.<\/p>\n<p style=\"text-align: justify;\">Jedoch richtet sich der Blick des Flauto Consort Freiburg nicht nur nach hinten zur Alten Musik, sondern auch nach vorne zur Neuen Musik. Gerne besch\u00e4ftigen wir uns auch mit moderner und neuester Musik, spielen dabei mit den r\u00e4umlichen M\u00f6glichkeiten der Konzertorte und experimentieren mit Improvisationen.<\/p>\n<p style=\"text-align: justify;\">Das Flauto Consort Freiburg l\u00e4dt ein zu einer Reise durch Klang und Zeit!<\/p>\n<p style=\"text-align: justify;\"><strong>\u00a0<\/strong><\/p>\n<hr \/>\n<p><strong>R\u00e9veillez-vous, tous amoureux<\/strong><\/p>\n<p class=\"gmail-p1\"><span class=\"gmail-s1\">Von Liebeskummer und tiefer Traurigkeit, wo erstmal der Horizont nur dunkel und nebul\u00f6s erscheint, durch Herzleid und Sturm bis zur Wiedergeburt \u2013 wenn wir uns wieder \u00f6ffnen und neu in die Welt blicken!<\/span><\/p>\n<p class=\"gmail-p1\"><span class=\"gmail-s1\">Unser franz\u00f6sisches Programm \u00ab R\u00e9veillez-vous, tous amoureux \u00bb, inspiriert von dem St\u00fcck von Crecquillon, ist eine poetische Einladung zum Erwachen der Sinne nach einem &#8220;langen Winter&#8221;. <\/span>Noch sp\u00fcrbar sind die tiefen Moment der Seele, doch kommt der Fr\u00fchling, Schritt f\u00fcr Schritt bis zur neuen Liebe! C&#8217;est la vie!<\/p>\n<p class=\"gmail-p1\"><span class=\"gmail-s1\">Der Humanismus als Denkrichtung der Renaissance legt den Schwerpunkt auf das wachsende Interesse am Menschen und seiner Umwelt.\u00a0<\/span>Die Natur ist der rote Faden unseres Programmes und \u00fcberall pr\u00e4sent, durch V\u00f6gelgezwitscher, Gewitter, Wind aber auch Stille&#8230;<\/p>\n<p class=\"gmail-p1\"><span class=\"gmail-s1\">Schritt f\u00fcr Schritt beruhigt sich das schmerzende Herz, kommt zur inneren Ruhe und mehr Selbstbewusstsein.\u00a0<\/span>Die immer bl\u00fchendere Musik als Allegorie des Herzens, l\u00e4sst uns verschiedenen Facetten von inneren Landschaften, Sch\u00f6nheit und Selbstbewusstsein geniessen, bis zur Feier des Fr\u00fchlings.<\/p>\n<p><img loading=\"lazy\" decoding=\"async\" class=\"wp-image-1256 aligncenter\" src=\"http:\/\/flauto-consort-freiburg.de\/wp-content\/uploads\/2025\/11\/Reveillez-vous-tous-amoureux-WEBSEITE-212x300.jpg\" alt=\"\" width=\"522\" height=\"739\" srcset=\"https:\/\/flauto-consort-freiburg.de\/wp-content\/uploads\/2025\/11\/Reveillez-vous-tous-amoureux-WEBSEITE-212x300.jpg 212w, https:\/\/flauto-consort-freiburg.de\/wp-content\/uploads\/2025\/11\/Reveillez-vous-tous-amoureux-WEBSEITE.jpg 595w\" sizes=\"(max-width: 522px) 100vw, 522px\" \/><\/p>\n<hr \/>\n<p><strong>The Teares of the Muses<\/strong><\/p>\n<p style=\"text-align: justify;\">F\u00fcr unser Programm The Teares of the Muses verlassen wir das europ\u00e4ische Festland und begeben uns nach England \u2013 auf die Britischen Inseln.\u00a0Wir befinden uns im \u201eGolden Age\u201c der englischen Renaissance, am Hof von Queen Elisabeth I, welche eine gro\u00dfe Liebhaberin der Musik ist und an ihrem Hof eine florierende Musikkultur f\u00f6rdert.\u00a0Besonders pr\u00e4sent ist in unserem Programm der Komponist John Dowland, von dem wir sowohl rein instrumental besetzte Werke, als auch einige seiner ber\u00fchmten Lautenlieder, bei uns in der Fassung f\u00fcr Fl\u00f6tenconsort und Gesang, zu Geh\u00f6r bringen. In den Texten und der Musik Dowlands ist die Melancholie omnipr\u00e4sent. Aufgelockert wird das Programm von Tanzs\u00e4tzen des Komponisten Anthony Holborne, welcher seine T\u00e4nze mit solch inspirierenden Titeln wie z.B. \u201ePavan Bona Speranza\u201c (Gute Hoffnung) oder \u201eGalliard The Teares of the Muses\u201c (Die Tr\u00e4nen der Musen) versah.\u00a0Mit den Maskent\u00e4nzen von William Brade reisen wir an den Hof von Jakob I, Nachfolger von Queen Elisabeth, an dessen Hof die Court Masque &#8211; ein Spektakel aus Tanz, Musik und Poesie ausgiebig zelebriert wurde.<\/p>\n<p><img loading=\"lazy\" decoding=\"async\" class=\" wp-image-564 aligncenter\" src=\"http:\/\/flauto-consort-freiburg.de\/wp-content\/uploads\/2017\/12\/Teares-of-the-Muses-212x300.jpg\" alt=\"\" width=\"523\" height=\"740\" srcset=\"https:\/\/flauto-consort-freiburg.de\/wp-content\/uploads\/2017\/12\/Teares-of-the-Muses-212x300.jpg 212w, https:\/\/flauto-consort-freiburg.de\/wp-content\/uploads\/2017\/12\/Teares-of-the-Muses-768x1087.jpg 768w, https:\/\/flauto-consort-freiburg.de\/wp-content\/uploads\/2017\/12\/Teares-of-the-Muses-723x1024.jpg 723w, https:\/\/flauto-consort-freiburg.de\/wp-content\/uploads\/2017\/12\/Teares-of-the-Muses-624x883.jpg 624w, https:\/\/flauto-consort-freiburg.de\/wp-content\/uploads\/2017\/12\/Teares-of-the-Muses.jpg 1239w\" sizes=\"(max-width: 523px) 100vw, 523px\" \/><\/p>\n<hr \/>\n<p><strong>Adventsprogramme<\/strong><\/p>\n<p style=\"text-align: justify;\"><img loading=\"lazy\" decoding=\"async\" class=\"alignright wp-image-310\" src=\"http:\/\/flauto-consort-freiburg.de\/wp-content\/uploads\/2016\/03\/IMG_0385-200x300.jpg\" alt=\"\" width=\"266\" height=\"398\" srcset=\"https:\/\/flauto-consort-freiburg.de\/wp-content\/uploads\/2016\/03\/IMG_0385-200x300.jpg 200w, https:\/\/flauto-consort-freiburg.de\/wp-content\/uploads\/2016\/03\/IMG_0385-768x1152.jpg 768w, https:\/\/flauto-consort-freiburg.de\/wp-content\/uploads\/2016\/03\/IMG_0385-683x1024.jpg 683w, https:\/\/flauto-consort-freiburg.de\/wp-content\/uploads\/2016\/03\/IMG_0385-624x936.jpg 624w\" sizes=\"(max-width: 266px) 100vw, 266px\" \/>Mittlerweile ist es zur Tradition geworden \u2013 jedes Jahr gestalten wir ein neues Adventsprogramm. So entstanden in den letzten Jahren die Programme <em>In dulci jubilo<\/em> (2015), <em>You that wont to my pipe\u2019s sound <\/em>(2016) und <em>Et auditum facite!<\/em> (2017).\u00a0Unter Werke der Renaissance aus ganz Europa mischen sich bekannte Lieder der Adventszeit, deren Entstehungszeit ebenfalls in den Zeitraum des 15. Und 16. Jahrhunderts f\u00e4llt. Gerne laden wir Sie, liebe Zuh\u00f6rer, bei ausgew\u00e4hlten Liedern zum Mitsingen ein \u2013 diejenigen, die in den letzten Jahren dabei waren, kennen das sicher schon. Wir hoffen, Sie durch unsere abwechslungsreichen Weihnachtsprogramme aus der Hektik der Vorweihnachtszeit zu entf\u00fchren.<\/p>\n<p>Werkbeispiele aus den Adventsprogrammen der letzten Jahre:<\/p>\n<p>Anonym (um 1400) \u00a0 \u00a0 \u00a0 \u00a0 \u00a0 \u00a0 \u00a0 \u00a0 \u00a0 \u00a0 \u00a0 \u00a0 \u00a0 \u00a0 \u00a0 \u00a0O virgo splendes<\/p>\n<p>Anonymous (Libre Vermell, 14. Jh.) \u00a0 \u00a0 Stella splendens<\/p>\n<p>William Byrd (1573-1623) \u00a0 \u00a0 \u00a0 \u00a0 \u00a0 \u00a0 \u00a0 \u00a0 \u00a0 \u00a0 \u00a0Lullaby my sweet little baby<\/p>\n<p>Anthony Holborne (1545-1602) \u00a0 \u00a0 \u00a0 \u00a0 \u00a0 As it fell on holy eve \/ The Fruit of Love \/ Fairy round<\/p>\n<p>Heinrich Isaac (um 1450-1517) \u00a0 \u00a0 \u00a0 \u00a0 \u00a0 \u00a0Natalis<\/p>\n<p>Walter Lambe (15. Jh) \u00a0 \u00a0 \u00a0 \u00a0 \u00a0 \u00a0 \u00a0 \u00a0 \u00a0 \u00a0 \u00a0 \u00a0 \u00a0 \u00a0Nesciens Mater<\/p>\n<p>Thomas Morley (1557-1603) \u00a0 \u00a0 \u00a0 \u00a0 \u00a0 \u00a0 \u00a0 \u00a0You that wont to my pipe&#8217;s sound<\/p>\n<p>Hieronymus Pr\u00e4torius (1560-1629) \u00a0 \u00a0Canite Tuba<\/p>\n<p>Michael Pr\u00e4torius (1571-1621) \u00a0 \u00a0 \u00a0 \u00a0 \u00a0 \u00a0Puer natus in Bethlehem \/ In dulci jubilo \/ Es ist ein Ros<\/p>\n<p>Cipriano de Rore (1615-1665)\u2028 \u00a0 \u00a0 \u00a0 \u00a0 \u00a0 \u00a0 Io Canterei d&#8217;amor<\/p>\n","protected":false},"excerpt":{"rendered":"<p>Renaissancemusik ist Alte Musik, die jedoch auch heute ihren Reiz nicht verloren hat. Zum einen ist da die Innigkeit, Intimit\u00e4t und Zeitlosigkeit solcher St\u00fccke, die\u00a0nur f\u00fcr ein exklusives Publikum bestimmt waren und denen ein besonders melancholischer Klang eigen ist, wie zum Beispiel Flow my tears vom englischen Komponisten John Dowland, das zu unserem Standardrepertoire geh\u00f6rt. [&hellip;]<\/p>\n","protected":false},"author":1,"featured_media":0,"parent":0,"menu_order":40,"comment_status":"closed","ping_status":"closed","template":"","meta":{"footnotes":""},"translation":{"provider":"WPGlobus","version":"2.12.2","language":"es","enabled_languages":["en","es","de","fr","ru"],"languages":{"en":{"title":true,"content":true,"excerpt":false},"es":{"title":false,"content":false,"excerpt":false},"de":{"title":false,"content":false,"excerpt":false},"fr":{"title":false,"content":false,"excerpt":false},"ru":{"title":false,"content":false,"excerpt":false}}},"acf":[],"_links":{"self":[{"href":"https:\/\/flauto-consort-freiburg.de\/es\/wp-json\/wp\/v2\/pages\/29"}],"collection":[{"href":"https:\/\/flauto-consort-freiburg.de\/es\/wp-json\/wp\/v2\/pages"}],"about":[{"href":"https:\/\/flauto-consort-freiburg.de\/es\/wp-json\/wp\/v2\/types\/page"}],"author":[{"embeddable":true,"href":"https:\/\/flauto-consort-freiburg.de\/es\/wp-json\/wp\/v2\/users\/1"}],"replies":[{"embeddable":true,"href":"https:\/\/flauto-consort-freiburg.de\/es\/wp-json\/wp\/v2\/comments?post=29"}],"version-history":[{"count":22,"href":"https:\/\/flauto-consort-freiburg.de\/es\/wp-json\/wp\/v2\/pages\/29\/revisions"}],"predecessor-version":[{"id":1261,"href":"https:\/\/flauto-consort-freiburg.de\/es\/wp-json\/wp\/v2\/pages\/29\/revisions\/1261"}],"wp:attachment":[{"href":"https:\/\/flauto-consort-freiburg.de\/es\/wp-json\/wp\/v2\/media?parent=29"}],"curies":[{"name":"wp","href":"https:\/\/api.w.org\/{rel}","templated":true}]}}