{"id":581,"date":"2017-12-22T14:30:36","date_gmt":"2017-12-22T13:30:36","guid":{"rendered":"https:\/\/flauto-consort-freiburg.de\/?page_id=581"},"modified":"2017-12-22T14:45:48","modified_gmt":"2017-12-22T13:45:48","slug":"adventsprogramme","status":"publish","type":"page","link":"https:\/\/flauto-consort-freiburg.de\/es\/programm\/adventsprogramme\/","title":{"rendered":"Adventsprogramme"},"content":{"rendered":"<p style=\"text-align: justify;\"><img loading=\"lazy\" decoding=\"async\" class=\"alignright wp-image-310\" src=\"http:\/\/flauto-consort-freiburg.de\/wp-content\/uploads\/2016\/03\/IMG_0385-200x300.jpg\" alt=\"\" width=\"269\" height=\"404\" srcset=\"https:\/\/flauto-consort-freiburg.de\/wp-content\/uploads\/2016\/03\/IMG_0385-200x300.jpg 200w, https:\/\/flauto-consort-freiburg.de\/wp-content\/uploads\/2016\/03\/IMG_0385-768x1152.jpg 768w, https:\/\/flauto-consort-freiburg.de\/wp-content\/uploads\/2016\/03\/IMG_0385-683x1024.jpg 683w, https:\/\/flauto-consort-freiburg.de\/wp-content\/uploads\/2016\/03\/IMG_0385-624x936.jpg 624w\" sizes=\"(max-width: 269px) 100vw, 269px\" \/>Mittlerweile ist es zur Tradition geworden \u2013 jedes Jahr gestalten wir ein neues Adventsprogramm. So entstanden in den letzten Jahren die Programme <em>In dulci jubilo<\/em> (2015), <em>You that wont to my pipe\u2019s sound <\/em>(2016) und <em>Et auditum facite!<\/em> (2017).\u00a0Unter Werke der Renaissance aus ganz Europa mischen sich bekannte Lieder der Adventszeit, deren Entstehungszeit ebenfalls in den Zeitraum des 15. Und 16. Jahrhunderts f\u00e4llt. Gerne laden wir Sie, liebe Zuh\u00f6rer, bei ausgew\u00e4hlten Liedern zum Mitsingen ein \u2013 diejenigen, die in den letzten Jahren dabei waren, kennen das sicher schon. Wir hoffen, Sie durch unsere abwechslungsreichen Weihnachtsprogramme aus der Hektik der Vorweihnachtszeit zu entf\u00fchren.<\/p>\n<p>&nbsp;<\/p>\n<p>Werkbeispiele aus den Adventsprogrammen der letzten Jahre:<\/p>\n<p>Anonym (um 1400) \u00a0 \u00a0 \u00a0 \u00a0 \u00a0 \u00a0 \u00a0 \u00a0 \u00a0 \u00a0 \u00a0 \u00a0 \u00a0 \u00a0 \u00a0 \u00a0O virgo splendes<\/p>\n<p>Anonymous (Libre Vermell, 14. Jh.) \u00a0 \u00a0 Stella splendens<\/p>\n<p>William Byrd (1573-1623) \u00a0 \u00a0 \u00a0 \u00a0 \u00a0 \u00a0 \u00a0 \u00a0 \u00a0 \u00a0 \u00a0Lullaby my sweet little baby<\/p>\n<p>Anthony Holborne (1545-1602) \u00a0 \u00a0 \u00a0 \u00a0 \u00a0 As it fell on holy eve \/ The Fruit of Love \/ Fairy round<\/p>\n<p>Heinrich Isaac (um 1450-1517) \u00a0 \u00a0 \u00a0 \u00a0 \u00a0 \u00a0Natalis<\/p>\n<p>Walter Lambe (15. Jh) \u00a0 \u00a0 \u00a0 \u00a0 \u00a0 \u00a0 \u00a0 \u00a0 \u00a0 \u00a0 \u00a0 \u00a0 \u00a0 \u00a0Nesciens Mater<\/p>\n<p>Thomas Morley (1557-1603) \u00a0 \u00a0 \u00a0 \u00a0 \u00a0 \u00a0 \u00a0 \u00a0You that wont to my pipe&#8217;s sound<\/p>\n<p>Hieronymus Pr\u00e4torius (1560-1629) \u00a0 \u00a0Canite Tuba<\/p>\n<p>Michael Pr\u00e4torius (1571-1621) \u00a0 \u00a0 \u00a0 \u00a0 \u00a0 \u00a0Puer natus in Bethlehem \/ In dulci jubilo \/ Es ist ein Ros<\/p>\n<p>Cipriano de Rore (1615-1665)\u2028 \u00a0 \u00a0 \u00a0 \u00a0 \u00a0 \u00a0 Io Canterei d&#8217;amor<\/p>\n","protected":false},"excerpt":{"rendered":"<p>Mittlerweile ist es zur Tradition geworden \u2013 jedes Jahr gestalten wir ein neues Adventsprogramm. So entstanden in den letzten Jahren die Programme In dulci jubilo (2015), You that wont to my pipe\u2019s sound (2016) und Et auditum facite! (2017).\u00a0Unter Werke der Renaissance aus ganz Europa mischen sich bekannte Lieder der Adventszeit, deren Entstehungszeit ebenfalls in [&hellip;]<\/p>\n","protected":false},"author":1,"featured_media":0,"parent":29,"menu_order":3,"comment_status":"closed","ping_status":"closed","template":"","meta":{"footnotes":""},"translation":{"provider":"WPGlobus","version":"2.12.2","language":"es","enabled_languages":["en","es","de","fr","ru"],"languages":{"en":{"title":true,"content":true,"excerpt":false},"es":{"title":false,"content":false,"excerpt":false},"de":{"title":false,"content":false,"excerpt":false},"fr":{"title":false,"content":false,"excerpt":false},"ru":{"title":false,"content":false,"excerpt":false}}},"acf":[],"_links":{"self":[{"href":"https:\/\/flauto-consort-freiburg.de\/es\/wp-json\/wp\/v2\/pages\/581"}],"collection":[{"href":"https:\/\/flauto-consort-freiburg.de\/es\/wp-json\/wp\/v2\/pages"}],"about":[{"href":"https:\/\/flauto-consort-freiburg.de\/es\/wp-json\/wp\/v2\/types\/page"}],"author":[{"embeddable":true,"href":"https:\/\/flauto-consort-freiburg.de\/es\/wp-json\/wp\/v2\/users\/1"}],"replies":[{"embeddable":true,"href":"https:\/\/flauto-consort-freiburg.de\/es\/wp-json\/wp\/v2\/comments?post=581"}],"version-history":[{"count":10,"href":"https:\/\/flauto-consort-freiburg.de\/es\/wp-json\/wp\/v2\/pages\/581\/revisions"}],"predecessor-version":[{"id":594,"href":"https:\/\/flauto-consort-freiburg.de\/es\/wp-json\/wp\/v2\/pages\/581\/revisions\/594"}],"up":[{"embeddable":true,"href":"https:\/\/flauto-consort-freiburg.de\/es\/wp-json\/wp\/v2\/pages\/29"}],"wp:attachment":[{"href":"https:\/\/flauto-consort-freiburg.de\/es\/wp-json\/wp\/v2\/media?parent=581"}],"curies":[{"name":"wp","href":"https:\/\/api.w.org\/{rel}","templated":true}]}}