{"id":46,"date":"2015-11-02T21:15:49","date_gmt":"2015-11-02T20:15:49","guid":{"rendered":"http:\/\/flauto-consort-freiburg.de\/?page_id=46"},"modified":"2025-11-20T20:15:53","modified_gmt":"2025-11-20T19:15:53","slug":"konzerte","status":"publish","type":"page","link":"https:\/\/flauto-consort-freiburg.de\/fr\/konzerte\/","title":{"rendered":"Konzerte"},"content":{"rendered":"\n<div class=\"wp-block-group\"><div class=\"wp-block-group__inner-container is-layout-flow wp-block-group-is-layout-flow\">\n<br>\n<\/div><\/div>\n\n\n\n<div class=\"wp-block-group\"><div class=\"wp-block-group__inner-container is-layout-constrained wp-block-group-is-layout-constrained\">\n<div class=\"wp-block-media-text has-media-on-the-right is-stacked-on-mobile is-style-default\" style=\"grid-template-columns:auto 45%\"><div class=\"wp-block-media-text__content\">\n<p><\/p>\n\n\n\n<p><br>&#8220;<strong>&#8230;davon ich sing&#8217;n und sagen will&#8221;<br><\/strong><\/p>\n\n\n\n<p><br><strong>29.11.2025, 18:00 Uhr FREIBURG<\/strong><br><strong>St. Michael im Alten Friedhof, Herdern<\/strong><\/p>\n\n\n\n<p><strong>30.11.2025, 17:00 Uhr ETTENHEIM<br>Kunsthalle Altdorf<\/strong><\/p>\n\n\n\n<p><strong>10.01.2026, 18:00 Uhr L\u00d6RRACH<\/strong><br><strong>Stadtkirche<\/strong><\/p>\n\n\n\n<p><strong>11.01.2026, 17:00 Uhr MEISSENHEIM<\/strong><br><strong>Evangelische Kirche<\/strong><\/p>\n\n\n\n<p><\/p>\n\n\n\n<p><br>Ettenheim: Erwachsene 25 \u20ac, Sch\u00fclerinnen und Sch\u00fcler, Studierende und Auszubildende 12 \u20ac. Kinder und Jugendliche bis 14 Jahre frei.<\/p>\n\n\n\n<p>Alle anderen Konzerte: Eintritt frei, Spenden erbeten, keine Reservierung m\u00f6glich<br><br><\/p>\n<\/div><figure class=\"wp-block-media-text__media\"><img loading=\"lazy\" decoding=\"async\" width=\"2560\" height=\"2560\" src=\"https:\/\/flauto-consort-freiburg.de\/wp-content\/uploads\/2023\/10\/035_VB99602-edited-scaled.jpg\" alt=\"\" class=\"wp-image-1200 size-full\" srcset=\"https:\/\/flauto-consort-freiburg.de\/wp-content\/uploads\/2023\/10\/035_VB99602-edited-scaled.jpg 2560w, https:\/\/flauto-consort-freiburg.de\/wp-content\/uploads\/2023\/10\/035_VB99602-edited-300x300.jpg 300w, https:\/\/flauto-consort-freiburg.de\/wp-content\/uploads\/2023\/10\/035_VB99602-edited-1024x1024.jpg 1024w, https:\/\/flauto-consort-freiburg.de\/wp-content\/uploads\/2023\/10\/035_VB99602-edited-150x150.jpg 150w, https:\/\/flauto-consort-freiburg.de\/wp-content\/uploads\/2023\/10\/035_VB99602-edited-768x768.jpg 768w, https:\/\/flauto-consort-freiburg.de\/wp-content\/uploads\/2023\/10\/035_VB99602-edited-500x500.jpg 500w, https:\/\/flauto-consort-freiburg.de\/wp-content\/uploads\/2023\/10\/035_VB99602-edited-400x400.jpg 400w, https:\/\/flauto-consort-freiburg.de\/wp-content\/uploads\/2023\/10\/035_VB99602-edited-1536x1536.jpg 1536w, https:\/\/flauto-consort-freiburg.de\/wp-content\/uploads\/2023\/10\/035_VB99602-edited-2048x2048.jpg 2048w, https:\/\/flauto-consort-freiburg.de\/wp-content\/uploads\/2023\/10\/035_VB99602-edited-624x624.jpg 624w\" sizes=\"(max-width: 2560px) 100vw, 2560px\" \/><\/figure><\/div>\n<\/div><\/div>\n\n\n\n<div class=\"wp-block-group\"><div class=\"wp-block-group__inner-container is-layout-flow wp-block-group-is-layout-flow\">\nAdvents- und Weihnachtslieder wecken allj\u00e4hrlich Vorfreude, Vertrautheit und besinnliche Stimmung \u2013 ganz nebenbei erz\u00e4hlen sie <\/br>Elemente der Weihnachtsgeschichte oder spielen auf Situationen aus dieser an. Ebenso singen und sagen davon zahlreiche <\/br>Vertonungen zum Weihnachtsfestkreis in der gesamten europ\u00e4ischen Literatur der Renaissance und des fr\u00fchen Barocks <\/br>\u2013 wie selbstverst\u00e4ndlich finden sich zum gleichen Thema kunstvolle polyphone Kompositionen ebenso wie schwungvollen Tanzweisen.<\/br>\nDas Adventsprogramm unter dem Motto \u201e\u2026davon ich singen und sagen will\u201c stellt in wechselnden Besetzungen von Renaissanceblockfl\u00f6ten, teilweise erg\u00e4nzt durch Gesang und Percussion, adventliche und weihnachtliche Vertonungen und Weisen unterschiedlicher <\/br>europ\u00e4ischer Sprach- und Kulturr\u00e4ume vor: So bieten \u2013 \u00e4hnlich wie Krippen mit ihren Figuren \u2013 Arrangements an S\u00e4tzen aus dem <\/br>angels\u00e4chsischen, dem franko-fl\u00e4mischen, dem italienischen und dem katalanisch-spanischen Kulturraum besinnliche wie mitrei\u00dfende H\u00f6reindr\u00fccke zur j\u00e4hrlich wiederkehrenden Thematik; von der Verk\u00fcndigung des Engels Gabriel wie z.B. in de Morales \u201eMissus est Gabriel\u201c \u00fcber den eigentlichen Weihnachtstag, z.B. in \u201eHoggi la vita nasce\u201c (Giovanni Animuccia) bis zum Besuch der Weisen, z.B. in \u201eMagi veniunt ab oriente\u201c (Clemens non Papa). Als \u201ePromenade\u201c zwischen den verschiedenen Regionen erklingt jeweils ein hier bekanntes Weihnachtslied in verschiedenen Satzformen. <\/br>Wir laden Sie herzlich ein, mit uns auf musikalisch vertrauten Spuren \u201evon Krippe zu Krippe\u201c zu wandeln.\n\n\n<\/div><\/div>\n\n\n\n<\/br>\n<div><hr>\n<p><strong>Chronik<\/strong><\/p>\n<div>\n\n<\/br>\n<div>20.07.2025        St. Michael am alten Friedhof, Freiburg <div>\n<\/br>\n<div>12.01.2025        Evangelische Kirche, Mei\u00dfenheim <div>\n<\/br>\n<div>11.01.2025        Evangelisches Gemeindezentrum, Kirchzarten <div>\n<\/br>\n<div>01.12.2024        Alte Schlosserei, Lauchringen <div>\n<\/br>\n<div>30.11.2024        St. Michael am alten Friedhof, Freiburg <div>\n<\/br>\n<div>23.06.2024        Evangelische Kirche, Mei\u00dfenheim <div>\n<\/br>\n<div>22.06.2024        St. Michael am alten Friedhof, Freiburg <div>\n<\/br>\n<div>03.12.2023        Stadtkirche, L\u00f6rrach <div>\n<\/br>\n<div>02.12.2023        St. Michael am alten Friedhof, Freiburg <div>\n<\/br>\n<div>16.07.2023        St. Michael am alten Friedhof, Freiburg <div>\n<\/br>\n<div>15.07.2023        Zehntscheuer, Merdingen<div>\n<\/br>\n<div>31.07.2022        St. Michael am alten Friedhof, Freiburg <div>\n<\/br>\n<div>19.06.2022        St. Gallus, Merzhausen<div>\n<\/br>\n<div>12.12.2021        St. Konrad &#038; Elisabeth, Freiburg<div>\n<\/br>\n<div>12.12.2021        St. Agatha, Horben<div>\n<\/br>\n<div>11.12.2021        Stadtkirche, L\u00f6rrach  <div>\n<\/br>\n<div>05.08.2021        St. Michael am alten Friedhof, Freiburg<div>\n<\/br>\n<div>31.07.2021        St. Michael am alten Friedhof, Freiburg<div>\n<\/br>\n<div>10.07.2021        Stadtkriche, L\u00f6rrach <div>\n<\/br>\n<div>14.12.2019        Martinskirche, M\u00fcllheim<div>\n <\/br>\n<div>01.12.2019        Katholische Kirche Herz-Jesu, Unterlauchringen<div>\n <\/br>\n<div>30.11.2019.       St. Michael im alten Friedhof, Freiburg<div>\n <\/br>\n<div>29.11.2019.       Stadtkirche, L\u00f6rrach <div>\n <\/br>\n<div>06.07.2019        Dominikanerkloster, Freiburg<div>\n <\/br>\n<div>08.12.2018        46. Rathauskonzert der Konzertreihe \u201cKulturprogramm Affalterbach\u201d<div>\n <\/br>\n<div>07.12.2018        St. Michael im alten Friedhof, Freiburg<div>\n <\/br>\n<div>02.12.2018        Lutherkirche Baden-Baden-Lichtental<div>\n <\/br>\n<div>01.07.2018        St. Johanneskirche Backnang<div>\n <\/br>\n<div>30.06.2018        \u201cConcertino in der Aula\u201d, Germanus-Kirche Renningen-Malmsheim<div>\n <\/br>\n<div>09.06.2018        Ebneter Kultursommer, St. Hilarius Freiburg Ebnet<div>\n <\/br>\n<div>24.02.2018        Martinskirche, M\u00fcllheim<div>\n <\/br>\n<div>02.12.2017        St. Michael im alten Friedhof, Freiburg<div>\n <\/br>\n<div>03.09.2017        Utrecht Early Music Festival<div>\n <\/br>\n<div>11.08.2017        Sint-Godelieveabdij\/ Musica Antiqua Festival Br\u00fcgge<div>\n<\/br>\n<div>17.06.2017        Dominikanerkloster, Freiburg<div>\n <\/br>\n<div>25.03.2017        Konzertreihe \u201cUnter Sternen\u201d, Lutherkirche Baden-Baden-Lichtental<div>\n <\/br>\n<div>18.12.2016        St. Michael im alten Friedhof, Freiburg<div>\n <\/br>\n<div>17.12.2016        Kulturscheune Kleinkems<div>\n <\/br>\n<div>16.07.2016        Dominikanerkloster, Freiburg<div>\n <\/br>\n<div>05.06.2016        Konzertsaal der Musikschule, Lahr<div>\n <\/br>\n<div>04.06.2016        \u201cConcertino in der Aula\u201d, Germanus-Kirche Renningen-Malmsheim<div>\n <\/br>\n<div>20.12.2015        St. Michael im alten Friedhof, Freiburg<div>\n <\/br>\n<div>19.12.2015        Konzertsaal der Musikschule, Lahr<div>\n <\/br>\n<div>12.12.2015        Caf\u00e9 Artjamming, Freiburg<div>\n <\/br>\n<div>05.12.2015        Caf\u00e9 Augustiner, Freiburg<div>\n<\/br>\n<div>21.06.2015        St. Laurentius-Kirche, Mannheim<div>\n <\/br>\n<div>20.06.2015        Weinerei Feser, Wildtal<div>\n <\/br>\n<div>30.05.2015        Dominikanerkloster, Freiburg<div>\n<\/br>\n","protected":false},"excerpt":{"rendered":"<p>&#8220;&#8230;davon ich sing&#8217;n und sagen will&#8221; 29.11.2025, 18:00 Uhr FREIBURGSt. Michael im Alten Friedhof, Herdern 30.11.2025, 17:00 Uhr ETTENHEIMKunsthalle Altdorf 10.01.2026, 18:00 Uhr L\u00d6RRACHStadtkirche 11.01.2026, 17:00 Uhr MEISSENHEIMEvangelische Kirche Ettenheim: Erwachsene 25 \u20ac, Sch\u00fclerinnen und Sch\u00fcler, Studierende und Auszubildende 12 \u20ac. Kinder und Jugendliche bis 14 Jahre frei. Alle anderen Konzerte: Eintritt frei, Spenden erbeten, [&hellip;]<\/p>\n","protected":false},"author":1,"featured_media":0,"parent":0,"menu_order":20,"comment_status":"closed","ping_status":"closed","template":"","meta":{"footnotes":""},"translation":{"provider":"WPGlobus","version":"2.12.2","language":"fr","enabled_languages":["en","es","de","fr","ru"],"languages":{"en":{"title":true,"content":true,"excerpt":false},"es":{"title":false,"content":false,"excerpt":false},"de":{"title":false,"content":false,"excerpt":false},"fr":{"title":false,"content":false,"excerpt":false},"ru":{"title":false,"content":false,"excerpt":false}}},"acf":[],"_links":{"self":[{"href":"https:\/\/flauto-consort-freiburg.de\/fr\/wp-json\/wp\/v2\/pages\/46"}],"collection":[{"href":"https:\/\/flauto-consort-freiburg.de\/fr\/wp-json\/wp\/v2\/pages"}],"about":[{"href":"https:\/\/flauto-consort-freiburg.de\/fr\/wp-json\/wp\/v2\/types\/page"}],"author":[{"embeddable":true,"href":"https:\/\/flauto-consort-freiburg.de\/fr\/wp-json\/wp\/v2\/users\/1"}],"replies":[{"embeddable":true,"href":"https:\/\/flauto-consort-freiburg.de\/fr\/wp-json\/wp\/v2\/comments?post=46"}],"version-history":[{"count":584,"href":"https:\/\/flauto-consort-freiburg.de\/fr\/wp-json\/wp\/v2\/pages\/46\/revisions"}],"predecessor-version":[{"id":1251,"href":"https:\/\/flauto-consort-freiburg.de\/fr\/wp-json\/wp\/v2\/pages\/46\/revisions\/1251"}],"wp:attachment":[{"href":"https:\/\/flauto-consort-freiburg.de\/fr\/wp-json\/wp\/v2\/media?parent=46"}],"curies":[{"name":"wp","href":"https:\/\/api.w.org\/{rel}","templated":true}]}}