{"id":550,"date":"2017-12-22T12:50:28","date_gmt":"2017-12-22T11:50:28","guid":{"rendered":"https:\/\/flauto-consort-freiburg.de\/?page_id=550"},"modified":"2017-12-22T14:32:01","modified_gmt":"2017-12-22T13:32:01","slug":"the-teares-of-the-muses","status":"publish","type":"page","link":"https:\/\/flauto-consort-freiburg.de\/fr\/programm\/the-teares-of-the-muses\/","title":{"rendered":"The Teares of the Muses"},"content":{"rendered":"<p style=\"text-align: justify;\">F\u00fcr unser Programm The Teares of the Muses verlassen wir das europ\u00e4ische Festland und begeben uns nach England \u2013 auf die Britischen Inseln.\u00a0Wir befinden uns im \u201eGolden Age\u201c der englischen Renaissance, am Hof von Queen Elisabeth I, welche eine gro\u00dfe Liebhaberin der Musik ist und an ihrem Hof eine florierende Musikkultur f\u00f6rdert.\u00a0Besonders pr\u00e4sent ist in unserem Programm der Komponist John Dowland, von dem wir sowohl rein instrumental besetzte Werke, als auch einige seiner ber\u00fchmten Lautenlieder, bei uns in der Fassung f\u00fcr Fl\u00f6tenconsort und Gesang, zu Geh\u00f6r bringen. In den Texten und der Musik Dowlands ist die Melancholie omnipr\u00e4sent. Aufgelockert wird das Programm von Tanzs\u00e4tzen des Komponisten Anthony Holborne, welcher seine T\u00e4nze mit solch inspirierenden Titeln wie z.B. \u201ePavan Bona Speranza\u201c (Gute Hoffnung) oder \u201eGalliard The Teares of the Muses\u201c (Die Tr\u00e4nen der Musen) versah.\u00a0Mit den Maskent\u00e4nzen von William Brade reisen wir an den Hof von Jakob I, Nachfolger von Queen Elisabeth, an dessen Hof die Court Masque &#8211; ein Spektakel aus Tanz, Musik und Poesie ausgiebig zelebriert wurde.<\/p>\n<p><img loading=\"lazy\" decoding=\"async\" class=\" wp-image-564 aligncenter\" src=\"http:\/\/flauto-consort-freiburg.de\/wp-content\/uploads\/2017\/12\/Teares-of-the-Muses-212x300.jpg\" alt=\"\" width=\"523\" height=\"740\" srcset=\"https:\/\/flauto-consort-freiburg.de\/wp-content\/uploads\/2017\/12\/Teares-of-the-Muses-212x300.jpg 212w, https:\/\/flauto-consort-freiburg.de\/wp-content\/uploads\/2017\/12\/Teares-of-the-Muses-768x1087.jpg 768w, https:\/\/flauto-consort-freiburg.de\/wp-content\/uploads\/2017\/12\/Teares-of-the-Muses-723x1024.jpg 723w, https:\/\/flauto-consort-freiburg.de\/wp-content\/uploads\/2017\/12\/Teares-of-the-Muses-624x883.jpg 624w, https:\/\/flauto-consort-freiburg.de\/wp-content\/uploads\/2017\/12\/Teares-of-the-Muses.jpg 1239w\" sizes=\"(max-width: 523px) 100vw, 523px\" \/><\/p>\n","protected":false},"excerpt":{"rendered":"<p>F\u00fcr unser Programm The Teares of the Muses verlassen wir das europ\u00e4ische Festland und begeben uns nach England \u2013 auf die Britischen Inseln.\u00a0Wir befinden uns im \u201eGolden Age\u201c der englischen Renaissance, am Hof von Queen Elisabeth I, welche eine gro\u00dfe Liebhaberin der Musik ist und an ihrem Hof eine florierende Musikkultur f\u00f6rdert.\u00a0Besonders pr\u00e4sent ist in [&hellip;]<\/p>\n","protected":false},"author":1,"featured_media":0,"parent":29,"menu_order":2,"comment_status":"closed","ping_status":"closed","template":"","meta":{"footnotes":""},"translation":{"provider":"WPGlobus","version":"2.12.2","language":"fr","enabled_languages":["en","es","de","fr","ru"],"languages":{"en":{"title":true,"content":true,"excerpt":false},"es":{"title":false,"content":false,"excerpt":false},"de":{"title":false,"content":false,"excerpt":false},"fr":{"title":false,"content":false,"excerpt":false},"ru":{"title":false,"content":false,"excerpt":false}}},"acf":[],"_links":{"self":[{"href":"https:\/\/flauto-consort-freiburg.de\/fr\/wp-json\/wp\/v2\/pages\/550"}],"collection":[{"href":"https:\/\/flauto-consort-freiburg.de\/fr\/wp-json\/wp\/v2\/pages"}],"about":[{"href":"https:\/\/flauto-consort-freiburg.de\/fr\/wp-json\/wp\/v2\/types\/page"}],"author":[{"embeddable":true,"href":"https:\/\/flauto-consort-freiburg.de\/fr\/wp-json\/wp\/v2\/users\/1"}],"replies":[{"embeddable":true,"href":"https:\/\/flauto-consort-freiburg.de\/fr\/wp-json\/wp\/v2\/comments?post=550"}],"version-history":[{"count":10,"href":"https:\/\/flauto-consort-freiburg.de\/fr\/wp-json\/wp\/v2\/pages\/550\/revisions"}],"predecessor-version":[{"id":573,"href":"https:\/\/flauto-consort-freiburg.de\/fr\/wp-json\/wp\/v2\/pages\/550\/revisions\/573"}],"up":[{"embeddable":true,"href":"https:\/\/flauto-consort-freiburg.de\/fr\/wp-json\/wp\/v2\/pages\/29"}],"wp:attachment":[{"href":"https:\/\/flauto-consort-freiburg.de\/fr\/wp-json\/wp\/v2\/media?parent=550"}],"curies":[{"name":"wp","href":"https:\/\/api.w.org\/{rel}","templated":true}]}}