{"id":2,"date":"2015-10-31T15:00:27","date_gmt":"2015-10-31T14:00:27","guid":{"rendered":"http:\/\/flauto-consort-freiburg.de\/?page_id=2"},"modified":"2022-05-10T22:03:55","modified_gmt":"2022-05-10T20:03:55","slug":"beispiel-seite","status":"publish","type":"page","link":"https:\/\/flauto-consort-freiburg.de\/ru\/","title":{"rendered":"Aktuelles"},"content":{"rendered":"\n\n<strong>Im April 2021 waren wir live\u00a0im franz\u00f6sischen Radio bei\u00a0France Musique. <\/strong><strong><a href=\"https:\/\/www.francemusique.fr\/emissions\/generations-france-musique-le-live\/thibault-cauvin-trio-helios-flauto-consort-quatuor-confluence-momo-kodama-94190\">HIER<\/a>\u00a0klicken, um die Sendung nachtr\u00e4glich zu h\u00f6ren.<\/strong>\n\n<!-- \/wp:paragraph -->\n\n<!-- wp:paragraph -->\n\n<img loading=\"lazy\" decoding=\"async\" class=\"wp-image-995 aligncenter\" src=\"http:\/\/flauto-consort-freiburg.de\/wp-content\/uploads\/2021\/04\/Paris-France-Musique-300x230.jpg\" alt=\"\" width=\"488\" height=\"374\" srcset=\"https:\/\/flauto-consort-freiburg.de\/wp-content\/uploads\/2021\/04\/Paris-France-Musique-300x230.jpg 300w, https:\/\/flauto-consort-freiburg.de\/wp-content\/uploads\/2021\/04\/Paris-France-Musique-1024x787.jpg 1024w, https:\/\/flauto-consort-freiburg.de\/wp-content\/uploads\/2021\/04\/Paris-France-Musique-768x590.jpg 768w, https:\/\/flauto-consort-freiburg.de\/wp-content\/uploads\/2021\/04\/Paris-France-Musique-624x479.jpg 624w, https:\/\/flauto-consort-freiburg.de\/wp-content\/uploads\/2021\/04\/Paris-France-Musique.jpg 1329w\" sizes=\"(max-width: 488px) 100vw, 488px\" \/>\n\n<!-- \/wp:paragraph -->\n\n<!-- wp:separator {\"className\":\"is-style-wide\"} -->\n\n<hr class=\"wp-block-separator is-style-wide\" \/>\n\n<!-- \/wp:separator -->\n\n<strong>Badische Zeitung:<\/strong>\u00a0&#8220;Freiburger Fl\u00f6tengl\u00fcck (&#8230;)\u00a0Tonkunst f\u00fcr Kenner und Liebhaber und solche, die es werden wollen.&#8221; <a href=\"http:\/\/bz-ticket.de\/regio-cd-freiburger-floetenglueck--182789343.html\">Link zum Artikel<\/a>\n\n<strong>Klassik Heute:<\/strong> &#8220;Drive und Spa\u00df am musikantischen Verzieren&#8221; <a href=\"http:\/\/www.klassik-heute.com\/4daction\/www_medien_einzeln?id=23269&amp;Inter47890\">Link zum Artikel<\/a>\n\n<!-- \/wp:paragraph -->\n\n<!-- wp:paragraph -->\n\n<a href=\"https:\/\/flauto-consort-freiburg.de\/audio\/\">Hier klicken zum Reinh\u00f6ren!<\/a>\n\n<!-- \/wp:paragraph -->\n\n<!-- wp:paragraph -->\n\n<strong>Preis: 20 \u20ac (+ 2 \u20ac Versandkosten innerhalb Deutschlands)<\/strong>\n\n<strong>Bei Interesse schreiben Sie uns gerne eine Email an flautoconsort.freiburg@gmail.com<\/strong>\n\n<!-- \/wp:paragraph -->\n\n<!-- wp:paragraph -->\n\n<strong><em>Notre premier disque est sorti !<\/em><\/strong>\n<strong><em>Co\u00fbt : 20 \u20ac (+ 2 \u20ac frais de port en France)<\/em><\/strong>\n\n<strong><em>Veuillez nous \u00e9crire \u00e0 l&#8217;adresse suivante si vous souhaitez recevoir un disque :\u00a0flautoconsort.freiburg@gmail.com<\/em><\/strong>\n\n<!-- \/wp:paragraph -->\n\n<!-- wp:image {\"align\":\"center\",\"id\":729} -->\n<div class=\"wp-block-image\">\n<figure class=\"aligncenter\"><img loading=\"lazy\" decoding=\"async\" width=\"300\" height=\"270\" class=\"wp-image-729\" src=\"http:\/\/flauto-consort-freiburg.de\/wp-content\/uploads\/2019\/11\/201911_Cover-300x270.png\" alt=\"\" srcset=\"https:\/\/flauto-consort-freiburg.de\/wp-content\/uploads\/2019\/11\/201911_Cover-300x270.png 300w, https:\/\/flauto-consort-freiburg.de\/wp-content\/uploads\/2019\/11\/201911_Cover-768x691.png 768w, https:\/\/flauto-consort-freiburg.de\/wp-content\/uploads\/2019\/11\/201911_Cover-624x562.png 624w, https:\/\/flauto-consort-freiburg.de\/wp-content\/uploads\/2019\/11\/201911_Cover.png 801w\" sizes=\"(max-width: 300px) 100vw, 300px\" \/><\/figure>\n<\/div>\n<!-- \/wp:image -->\n\n<!-- wp:image {\"align\":\"center\",\"id\":778} -->\n<div class=\"wp-block-image\">\n<figure class=\"aligncenter\"><img loading=\"lazy\" decoding=\"async\" width=\"300\" height=\"268\" class=\"wp-image-778\" src=\"http:\/\/flauto-consort-freiburg.de\/wp-content\/uploads\/2019\/11\/201911_R\u00fcckseite-ohne-R\u00fccken-300x268.png\" alt=\"\" srcset=\"https:\/\/flauto-consort-freiburg.de\/wp-content\/uploads\/2019\/11\/201911_R\u00fcckseite-ohne-R\u00fccken-300x268.png 300w, https:\/\/flauto-consort-freiburg.de\/wp-content\/uploads\/2019\/11\/201911_R\u00fcckseite-ohne-R\u00fccken-768x686.png 768w, https:\/\/flauto-consort-freiburg.de\/wp-content\/uploads\/2019\/11\/201911_R\u00fcckseite-ohne-R\u00fccken-624x558.png 624w, https:\/\/flauto-consort-freiburg.de\/wp-content\/uploads\/2019\/11\/201911_R\u00fcckseite-ohne-R\u00fccken.png 807w\" sizes=\"(max-width: 300px) 100vw, 300px\" \/><\/figure>\n<\/div>\n<!-- \/wp:image -->\n\n<!-- wp:paragraph -->\n\nFoto: Valentin Behringer\nGestaltung: Florentine L. Bofinger, Kommunikationsdesign\n\n<!-- \/wp:paragraph -->\n\n<!-- wp:html -->\n<div class=\"page\" title=\"Page 1\">\n<div class=\"section\">\n<div class=\"column\"><\/div>\n<\/div>\n<\/div>\n<!-- \/wp:html -->\n\n<!-- wp:paragraph -->\n\n","protected":false},"excerpt":{"rendered":"<p>Im April 2021 waren wir live\u00a0im franz\u00f6sischen Radio bei\u00a0France Musique. HIER\u00a0klicken, um die Sendung nachtr\u00e4glich zu h\u00f6ren. Badische Zeitung:\u00a0&#8220;Freiburger Fl\u00f6tengl\u00fcck (&#8230;)\u00a0Tonkunst f\u00fcr Kenner und Liebhaber und solche, die es werden wollen.&#8221; Link zum Artikel Klassik Heute: &#8220;Drive und Spa\u00df am musikantischen Verzieren&#8221; Link zum Artikel Hier klicken zum Reinh\u00f6ren! Preis: 20 \u20ac (+ 2 \u20ac [&hellip;]<\/p>\n","protected":false},"author":1,"featured_media":0,"parent":0,"menu_order":10,"comment_status":"closed","ping_status":"closed","template":"page-templates\/front-page.php","meta":{"footnotes":""},"translation":{"provider":"WPGlobus","version":"2.12.2","language":"ru","enabled_languages":["en","es","de","fr","ru"],"languages":{"en":{"title":true,"content":true,"excerpt":false},"es":{"title":false,"content":false,"excerpt":false},"de":{"title":false,"content":true,"excerpt":false},"fr":{"title":false,"content":false,"excerpt":false},"ru":{"title":false,"content":false,"excerpt":false}}},"acf":[],"_links":{"self":[{"href":"https:\/\/flauto-consort-freiburg.de\/ru\/wp-json\/wp\/v2\/pages\/2"}],"collection":[{"href":"https:\/\/flauto-consort-freiburg.de\/ru\/wp-json\/wp\/v2\/pages"}],"about":[{"href":"https:\/\/flauto-consort-freiburg.de\/ru\/wp-json\/wp\/v2\/types\/page"}],"author":[{"embeddable":true,"href":"https:\/\/flauto-consort-freiburg.de\/ru\/wp-json\/wp\/v2\/users\/1"}],"replies":[{"embeddable":true,"href":"https:\/\/flauto-consort-freiburg.de\/ru\/wp-json\/wp\/v2\/comments?post=2"}],"version-history":[{"count":97,"href":"https:\/\/flauto-consort-freiburg.de\/ru\/wp-json\/wp\/v2\/pages\/2\/revisions"}],"predecessor-version":[{"id":1131,"href":"https:\/\/flauto-consort-freiburg.de\/ru\/wp-json\/wp\/v2\/pages\/2\/revisions\/1131"}],"wp:attachment":[{"href":"https:\/\/flauto-consort-freiburg.de\/ru\/wp-json\/wp\/v2\/media?parent=2"}],"curies":[{"name":"wp","href":"https:\/\/api.w.org\/{rel}","templated":true}]}}