{"id":227,"date":"2016-03-08T11:34:23","date_gmt":"2016-03-08T10:34:23","guid":{"rendered":"http:\/\/flauto-consort-freiburg.de\/?page_id=227"},"modified":"2018-02-28T19:34:50","modified_gmt":"2018-02-28T18:34:50","slug":"presse","status":"publish","type":"page","link":"https:\/\/flauto-consort-freiburg.de\/ru\/presse\/","title":{"rendered":"Presse"},"content":{"rendered":"<p><strong>Fl\u00f6tenkunst zieht alle Register<\/strong><br \/>\n&#8220;Besonderes H\u00f6rerlebnis: Konzert des Flauto Consort Freiburg und der Musikschule M\u00fcllheim in der Martinskirche.&#8221;<br \/>\n&#8220;Fl\u00f6tensch\u00fcler und -sch\u00fclerinnen der Musikschule M\u00fcllheim (Klasse Annabelle Cavalli) musizieren gemeinsam mit dem Flauto-Consort Freiburg.&#8221;<br \/>\n&#8220;So fein und weich klingt es, wenn 19 Fl\u00f6ten der verschiedensten Registerlagen zusammen musizieren.&#8221;<br \/>\nBadische Zeitung<br \/>\n<a href=\"http:\/\/www.badische-zeitung.de\/muellheim\/floetenkunst-zieht-alle-register--149764793.html\">http:\/\/www.badische-zeitung.de\/muellheim\/floetenkunst-zieht-alle-register&#8211;149764793.html<\/a><\/p>\n<p><strong>Gepflegte Melancholie<\/strong><br \/>\n&#8220;Gro\u00dfer Applaus und echte Begeisterung f\u00fcr ein kleines, kostbares Konzert.&#8221;<br \/>\nBadische Zeitung<br \/>\n<a href=\"http:\/\/www.badische-zeitung.de\/lahr\/gepflegte-melancholie--122801938.html\">http:\/\/www.badische-zeitung.de\/lahr\/gepflegte-melancholie&#8211;122801938.html<\/a><\/p>\n<p><strong>Fl\u00f6tenspiel verzaubert Publikum<\/strong><br \/>\n&#8220;Das siebenk\u00f6pfige Ensemble Flauto Consort Freiburg erzeugte eine magische Atmosph\u00e4re.&#8221;<br \/>\n&#8220;Wenn Flauto Consort Freiburg aufspielt, scheinen sich Erde und Himmel zu begegnen. Fl\u00f6tenkl\u00e4nge umgarnen sich, treffen in ausgesuchten St\u00fccken auf den hellen Ton der Sopranstimme.&#8221;<br \/>\nLehrer Zeitung<br \/>\n<a href=\"http:\/\/www.lahrer-zeitung.de\/inhalt.lahr-floetenspiel-verzaubert-publikum.ca278332-6a59-45b2-b880-ec3ccff0e87b.html\">http:\/\/www.lahrer-zeitung.de\/inhalt.lahr-floetenspiel-verzaubert-publikum.ca278332-6a59-45b2-b880-ec3ccff0e87b.html<\/a><\/p>\n<p><strong>Ein Fl\u00f6tenensemble auf hohem Niveau \u2013 und mit Humor<\/strong><br \/>\n&#8220;Das Flauto Consort Freiburg gl\u00e4nzt in der Lahrer Musikschule mit Klang, Technik und Dramaturgie.&#8221;<br \/>\nBadische Zeitung<br \/>\n<a href=\"http:\/\/www.badische-zeitung.de\/lahr\/ein-floetenensemble-auf-hohem-niveau-und-mit-humor--115367582.html\">http:\/\/www.badische-zeitung.de\/lahr\/ein-floetenensemble-auf-hohem-niveau-und-mit-humor&#8211;115367582.html<\/a><\/p>\n<p><strong>Seltene Fl\u00f6tent\u00f6ne<\/strong><br \/>\n&#8220;ganz eigene und unnachahmliche Stimmen&#8221;<br \/>\n&#8220;ein sch\u00f6ner und seltener H\u00f6rgenuss&#8221;<br \/>\nLahrer Zeitung<br \/>\n<a href=\"http:\/\/www.lahrer-zeitung.de\/inhalt.lahr-seltene-floetentoene.74f919d0-9cbb-4de0-a5e0-50d6563ae1f0.html\">http:\/\/www.lahrer-zeitung.de\/inhalt.lahr-seltene-floetentoene.74f919d0-9cbb-4de0-a5e0-50d6563ae1f0.html<\/a><\/p>\n","protected":false},"excerpt":{"rendered":"<p>Fl\u00f6tenkunst zieht alle Register &#8220;Besonderes H\u00f6rerlebnis: Konzert des Flauto Consort Freiburg und der Musikschule M\u00fcllheim in der Martinskirche.&#8221; &#8220;Fl\u00f6tensch\u00fcler und -sch\u00fclerinnen der Musikschule M\u00fcllheim (Klasse Annabelle Cavalli) musizieren gemeinsam mit dem Flauto-Consort Freiburg.&#8221; &#8220;So fein und weich klingt es, wenn 19 Fl\u00f6ten der verschiedensten Registerlagen zusammen musizieren.&#8221; Badische Zeitung http:\/\/www.badische-zeitung.de\/muellheim\/floetenkunst-zieht-alle-register&#8211;149764793.html Gepflegte Melancholie &#8220;Gro\u00dfer Applaus und [&hellip;]<\/p>\n","protected":false},"author":1,"featured_media":0,"parent":0,"menu_order":48,"comment_status":"closed","ping_status":"closed","template":"","meta":{"footnotes":""},"translation":{"provider":"WPGlobus","version":"2.12.2","language":"ru","enabled_languages":["en","es","de","fr","ru"],"languages":{"en":{"title":true,"content":true,"excerpt":false},"es":{"title":false,"content":false,"excerpt":false},"de":{"title":false,"content":false,"excerpt":false},"fr":{"title":false,"content":false,"excerpt":false},"ru":{"title":false,"content":false,"excerpt":false}}},"acf":[],"_links":{"self":[{"href":"https:\/\/flauto-consort-freiburg.de\/ru\/wp-json\/wp\/v2\/pages\/227"}],"collection":[{"href":"https:\/\/flauto-consort-freiburg.de\/ru\/wp-json\/wp\/v2\/pages"}],"about":[{"href":"https:\/\/flauto-consort-freiburg.de\/ru\/wp-json\/wp\/v2\/types\/page"}],"author":[{"embeddable":true,"href":"https:\/\/flauto-consort-freiburg.de\/ru\/wp-json\/wp\/v2\/users\/1"}],"replies":[{"embeddable":true,"href":"https:\/\/flauto-consort-freiburg.de\/ru\/wp-json\/wp\/v2\/comments?post=227"}],"version-history":[{"count":17,"href":"https:\/\/flauto-consort-freiburg.de\/ru\/wp-json\/wp\/v2\/pages\/227\/revisions"}],"predecessor-version":[{"id":606,"href":"https:\/\/flauto-consort-freiburg.de\/ru\/wp-json\/wp\/v2\/pages\/227\/revisions\/606"}],"wp:attachment":[{"href":"https:\/\/flauto-consort-freiburg.de\/ru\/wp-json\/wp\/v2\/media?parent=227"}],"curies":[{"name":"wp","href":"https:\/\/api.w.org\/{rel}","templated":true}]}}