{"id":558,"date":"2017-12-22T13:06:13","date_gmt":"2017-12-22T12:06:13","guid":{"rendered":"https:\/\/flauto-consort-freiburg.de\/?page_id=558"},"modified":"2025-11-22T14:34:17","modified_gmt":"2025-11-22T13:34:17","slug":"reveillez-vous-coeurs-endormis","status":"publish","type":"page","link":"https:\/\/flauto-consort-freiburg.de\/ru\/programm\/reveillez-vous-coeurs-endormis\/","title":{"rendered":"R\u00e9veillez-vous, tous amoureux"},"content":{"rendered":"<p class=\"gmail-p1\"><span class=\"gmail-s1\">Von Liebeskummer und tiefer Traurigkeit, wo erstmal der Horizont nur dunkel und nebul\u00f6s erscheint, durch Herzleid und Sturm bis zur Wiedergeburt \u2013 wenn wir uns wieder \u00f6ffnen und neu in die Welt blicken!<\/span><\/p>\n<p class=\"gmail-p1\"><span class=\"gmail-s1\">Unser franz\u00f6sisches Programm \u00ab R\u00e9veillez-vous, tous amoureux \u00bb, inspiriert von dem St\u00fcck von Crecquillon, ist eine poetische Einladung zum Erwachen der Sinne nach einem &#8220;langen Winter&#8221;. <\/span>Noch sp\u00fcrbar sind die tiefen Moment der Seele, doch kommt der Fr\u00fchling, Schritt f\u00fcr Schritt bis zur neuen Liebe! C&#8217;est la vie!<\/p>\n<p class=\"gmail-p1\"><span class=\"gmail-s1\">Der Humanismus als Denkrichtung der Renaissance legt den Schwerpunkt auf das wachsende Interesse am Menschen und seiner Umwelt.\u00a0<\/span>Die Natur ist der rote Faden unseres Programmes und \u00fcberall pr\u00e4sent, durch V\u00f6gelgezwitscher, Gewitter, Wind aber auch Stille&#8230;\u00a0<\/p>\n<p class=\"gmail-p1\"><span class=\"gmail-s1\">Schritt f\u00fcr Schritt beruhigt sich das schmerzende Herz, kommt zur inneren Ruhe und mehr Selbstbewusstsein.\u00a0<\/span>Die immer bl\u00fchendere Musik als Allegorie des Herzens, l\u00e4sst uns verschiedene Facetten von inneren Landschaften, Sch\u00f6nheit und Selbstbewusstsein geniessen, bis zur Feier des Fr\u00fchlings.<\/p>\n<p><img loading=\"lazy\" decoding=\"async\" class=\"wp-image-1256 aligncenter\" src=\"http:\/\/flauto-consort-freiburg.de\/wp-content\/uploads\/2025\/11\/Reveillez-vous-tous-amoureux-WEBSEITE-212x300.jpg\" alt=\"\" width=\"581\" height=\"822\" srcset=\"https:\/\/flauto-consort-freiburg.de\/wp-content\/uploads\/2025\/11\/Reveillez-vous-tous-amoureux-WEBSEITE-212x300.jpg 212w, https:\/\/flauto-consort-freiburg.de\/wp-content\/uploads\/2025\/11\/Reveillez-vous-tous-amoureux-WEBSEITE.jpg 595w\" sizes=\"(max-width: 581px) 100vw, 581px\" \/><\/p>\n\n\n<div class=\"wp-block-media-text is-stacked-on-mobile\"><figure class=\"wp-block-media-text__media\"><\/figure><div class=\"wp-block-media-text__content\">\n<p><\/p>\n<\/div><\/div>\n","protected":false},"excerpt":{"rendered":"<p>Von Liebeskummer und tiefer Traurigkeit, wo erstmal der Horizont nur dunkel und nebul\u00f6s erscheint, durch Herzleid und Sturm bis zur Wiedergeburt \u2013 wenn wir uns wieder \u00f6ffnen und neu in die Welt blicken! Unser franz\u00f6sisches Programm \u00ab R\u00e9veillez-vous, tous amoureux \u00bb, inspiriert von dem St\u00fcck von Crecquillon, ist eine poetische Einladung zum Erwachen der Sinne [&hellip;]<\/p>\n","protected":false},"author":1,"featured_media":0,"parent":29,"menu_order":1,"comment_status":"closed","ping_status":"closed","template":"","meta":{"footnotes":""},"translation":{"provider":"WPGlobus","version":"2.12.2","language":"ru","enabled_languages":["en","es","de","fr","ru"],"languages":{"en":{"title":true,"content":true,"excerpt":false},"es":{"title":false,"content":false,"excerpt":false},"de":{"title":false,"content":false,"excerpt":false},"fr":{"title":false,"content":false,"excerpt":false},"ru":{"title":false,"content":false,"excerpt":false}}},"acf":[],"_links":{"self":[{"href":"https:\/\/flauto-consort-freiburg.de\/ru\/wp-json\/wp\/v2\/pages\/558"}],"collection":[{"href":"https:\/\/flauto-consort-freiburg.de\/ru\/wp-json\/wp\/v2\/pages"}],"about":[{"href":"https:\/\/flauto-consort-freiburg.de\/ru\/wp-json\/wp\/v2\/types\/page"}],"author":[{"embeddable":true,"href":"https:\/\/flauto-consort-freiburg.de\/ru\/wp-json\/wp\/v2\/users\/1"}],"replies":[{"embeddable":true,"href":"https:\/\/flauto-consort-freiburg.de\/ru\/wp-json\/wp\/v2\/comments?post=558"}],"version-history":[{"count":13,"href":"https:\/\/flauto-consort-freiburg.de\/ru\/wp-json\/wp\/v2\/pages\/558\/revisions"}],"predecessor-version":[{"id":1259,"href":"https:\/\/flauto-consort-freiburg.de\/ru\/wp-json\/wp\/v2\/pages\/558\/revisions\/1259"}],"up":[{"embeddable":true,"href":"https:\/\/flauto-consort-freiburg.de\/ru\/wp-json\/wp\/v2\/pages\/29"}],"wp:attachment":[{"href":"https:\/\/flauto-consort-freiburg.de\/ru\/wp-json\/wp\/v2\/media?parent=558"}],"curies":[{"name":"wp","href":"https:\/\/api.w.org\/{rel}","templated":true}]}}